{"id":21,"date":"2023-03-29T11:58:25","date_gmt":"2023-03-29T11:58:25","guid":{"rendered":"https:\/\/kivaku.eu\/uus\/?page_id=21"},"modified":"2023-05-31T15:11:39","modified_gmt":"2023-05-31T12:11:39","slug":"kasulik-info","status":"publish","type":"page","link":"https:\/\/kivaku.eu\/uus\/kasulik-info\/","title":{"rendered":"Kasulik info"},"content":{"rendered":"\t\t<div data-elementor-type=\"wp-page\" data-elementor-id=\"21\" class=\"elementor elementor-21\">\n\t\t\t\t\t\t<div class=\"elementor-inner\">\n\t\t\t\t<div class=\"elementor-section-wrap\">\n\t\t\t\t\t\t\t\t\t<section class=\"elementor-section elementor-top-section elementor-element elementor-element-17fe4e1 elementor-section-boxed elementor-section-height-default elementor-section-height-default\" data-id=\"17fe4e1\" data-element_type=\"section\">\n\t\t\t\t\t\t<div class=\"elementor-container elementor-column-gap-default\">\n\t\t\t\t\t\t\t<div class=\"elementor-row\">\n\t\t\t\t\t<div class=\"elementor-column elementor-col-100 elementor-top-column elementor-element elementor-element-0318c77\" data-id=\"0318c77\" data-element_type=\"column\">\n\t\t\t<div class=\"elementor-column-wrap elementor-element-populated\">\n\t\t\t\t\t\t\t<div class=\"elementor-widget-wrap\">\n\t\t\t\t\t\t<div class=\"elementor-element elementor-element-f2ab6d3 elementor-widget elementor-widget-heading\" data-id=\"f2ab6d3\" data-element_type=\"widget\" data-widget_type=\"heading.default\">\n\t\t\t\t<div class=\"elementor-widget-container\">\n\t\t\t<h2 class=\"elementor-heading-title elementor-size-default\">Kasulikku lugemist<\/h2>\t\t<\/div>\n\t\t\t\t<\/div>\n\t\t\t\t<div class=\"elementor-element elementor-element-daf6c13 elementor-widget elementor-widget-jet-listing-grid\" data-id=\"daf6c13\" data-element_type=\"widget\" data-settings=\"{&quot;columns&quot;:&quot;3&quot;}\" data-widget_type=\"jet-listing-grid.default\">\n\t\t\t\t<div class=\"elementor-widget-container\">\n\t\t\t<div class=\"jet-listing-grid jet-listing\"><div class=\"jet-listing-grid__items grid-col-desk-3 grid-col-tablet-3 grid-col-mobile-3 jet-listing-grid--523\"  data-nav=\"{&quot;enabled&quot;:false,&quot;type&quot;:null,&quot;more_el&quot;:null,&quot;query&quot;:[],&quot;widget_settings&quot;:{&quot;lisitng_id&quot;:523,&quot;posts_num&quot;:6,&quot;columns&quot;:3,&quot;columns_tablet&quot;:3,&quot;columns_mobile&quot;:3,&quot;is_archive_template&quot;:&quot;&quot;,&quot;post_status&quot;:[&quot;publish&quot;],&quot;use_random_posts_num&quot;:&quot;&quot;,&quot;max_posts_num&quot;:9,&quot;not_found_message&quot;:&quot;No data was found&quot;,&quot;is_masonry&quot;:false,&quot;equal_columns_height&quot;:&quot;&quot;,&quot;use_load_more&quot;:&quot;&quot;,&quot;load_more_id&quot;:&quot;&quot;,&quot;load_more_type&quot;:&quot;click&quot;,&quot;load_more_offset&quot;:{&quot;unit&quot;:&quot;px&quot;,&quot;size&quot;:0,&quot;sizes&quot;:[]},&quot;use_custom_post_types&quot;:&quot;&quot;,&quot;custom_post_types&quot;:[],&quot;hide_widget_if&quot;:&quot;&quot;,&quot;carousel_enabled&quot;:&quot;&quot;,&quot;slides_to_scroll&quot;:&quot;1&quot;,&quot;arrows&quot;:&quot;true&quot;,&quot;arrow_icon&quot;:&quot;fa fa-angle-left&quot;,&quot;dots&quot;:&quot;&quot;,&quot;autoplay&quot;:&quot;true&quot;,&quot;autoplay_speed&quot;:5000,&quot;infinite&quot;:&quot;true&quot;,&quot;center_mode&quot;:&quot;&quot;,&quot;effect&quot;:&quot;slide&quot;,&quot;speed&quot;:500,&quot;inject_alternative_items&quot;:&quot;&quot;,&quot;injection_items&quot;:[],&quot;scroll_slider_enabled&quot;:&quot;&quot;,&quot;scroll_slider_on&quot;:[&quot;desktop&quot;,&quot;tablet&quot;,&quot;mobile&quot;],&quot;custom_query&quot;:false,&quot;custom_query_id&quot;:&quot;&quot;,&quot;_element_id&quot;:&quot;&quot;}}\" data-page=\"1\" data-pages=\"1\" data-listing-source=\"posts\" data-listing-id=\"523\" data-query-id=\"\"><style>.elementor-523 .elementor-element.elementor-element-c54f1a7 > .elementor-column-wrap > .elementor-widget-wrap > .elementor-widget:not(.elementor-widget__width-auto):not(.elementor-widget__width-initial):not(:last-child):not(.elementor-absolute){margin-bottom:0px;}.elementor-523 .elementor-element.elementor-element-c54f1a7:not(.elementor-motion-effects-element-type-background) > .elementor-column-wrap, .elementor-523 .elementor-element.elementor-element-c54f1a7 > .elementor-column-wrap > .elementor-motion-effects-container > .elementor-motion-effects-layer{background-color:#F8F8F8;background-position:center center;background-repeat:no-repeat;background-size:cover;}.elementor-523 .elementor-element.elementor-element-c54f1a7:hover > .elementor-element-populated{background-color:#E7E7E7;border-style:solid;border-color:#000000;}.elementor-523 .elementor-element.elementor-element-c54f1a7 > .elementor-element-populated{border-style:solid;border-width:1px 1px 1px 1px;border-color:#FFFFFF;transition:background 0.3s, border 0.3s, border-radius 0.3s, box-shadow 0.3s;}.elementor-523 .elementor-element.elementor-element-c54f1a7 > .elementor-element-populated, .elementor-523 .elementor-element.elementor-element-c54f1a7 > .elementor-element-populated > .elementor-background-overlay, .elementor-523 .elementor-element.elementor-element-c54f1a7 > .elementor-background-slideshow{border-radius:0px 0px 0px 0px;}.elementor-523 .elementor-element.elementor-element-c54f1a7 > .elementor-element-populated > .elementor-background-overlay{transition:background 0.3s, border-radius 0.3s, opacity 0.3s;}.elementor-523 .elementor-element.elementor-element-c54f1a7 > .elementor-element-populated > .elementor-widget-wrap{padding:0px 0px 0px 0px;}.elementor-523 .elementor-element.elementor-element-3662f4e{--spacer-size:169px;}.elementor-523 .elementor-element.elementor-element-068702c .elementor-heading-title{color:#000000;font-family:\"Roboto\", Sans-serif;font-size:1.1em;font-weight:600;}.elementor-523 .elementor-element.elementor-element-068702c > .elementor-widget-container{margin:0px 0px 0px 0px;padding:15px 15px 0px 15px;background-color:#F8F8F8;}.elementor-523 .elementor-element.elementor-element-ff13d33 .elementor-button{font-family:\"Roboto\", Sans-serif;font-size:0.9em;font-weight:500;text-decoration:underline;fill:#000000;color:#000000;background-color:#61CE7000;border-radius:0px 0px 0px 0px;padding:0px 0px 0px 0px;}.elementor-523 .elementor-element.elementor-element-ff13d33 > .elementor-widget-container{margin:0px 0px 0px 0px;padding:15px 15px 15px 15px;background-color:#F8F8F8;}.elementor-523 .elementor-element.elementor-element-ff13d33{z-index:1;}@media(min-width:1025px){.elementor-523 .elementor-element.elementor-element-c54f1a7:not(.elementor-motion-effects-element-type-background) > .elementor-column-wrap, .elementor-523 .elementor-element.elementor-element-c54f1a7 > .elementor-column-wrap > .elementor-motion-effects-container > .elementor-motion-effects-layer{background-attachment:scroll;}}<\/style><div class=\"jet-listing-grid__item jet-listing-dynamic-post-520\" data-post-id=\"520\" ><style type=\"text\/css\">.jet-listing-dynamic-post-520 .elementor-element.elementor-element-c54f1a7:not(.elementor-motion-effects-element-type-background) > .elementor-column-wrap, .jet-listing-dynamic-post-520 .elementor-element.elementor-element-c54f1a7 > .elementor-column-wrap > .elementor-motion-effects-container > .elementor-motion-effects-layer{background-image:url(\"https:\/\/kivaku.eu\/uus\/wp-content\/uploads\/2023\/04\/Entrematic_sectional_doors_DitecTOP-1-555x371-1.jpg\");}<\/style><div class=\"jet-engine-listing-overlay-wrap\" data-url=\"https:\/\/kivaku.eu\/uus\/kuidas-valida-automaatikat\/\">\t\t<div data-elementor-type=\"jet-listing-items\" data-elementor-id=\"523\" class=\"elementor elementor-523\">\n\t\t\t\t\t\t<div class=\"elementor-inner\">\n\t\t\t\t<div class=\"elementor-section-wrap\">\n\t\t\t\t\t\t\t\t\t<section class=\"elementor-section elementor-top-section elementor-element elementor-element-c24be16 elementor-section-full_width elementor-section-height-default elementor-section-height-default\" data-id=\"c24be16\" data-element_type=\"section\">\n\t\t\t\t\t\t<div class=\"elementor-container elementor-column-gap-default\">\n\t\t\t\t\t\t\t<div class=\"elementor-row\">\n\t\t\t\t\t<div class=\"elementor-column elementor-col-100 elementor-top-column elementor-element elementor-element-c54f1a7\" data-id=\"c54f1a7\" data-element_type=\"column\" data-settings=\"{&quot;background_background&quot;:&quot;classic&quot;}\">\n\t\t\t<div class=\"elementor-column-wrap elementor-element-populated\">\n\t\t\t\t\t\t\t<div class=\"elementor-widget-wrap\">\n\t\t\t\t\t\t<div class=\"elementor-element elementor-element-3662f4e elementor-widget elementor-widget-spacer\" data-id=\"3662f4e\" data-element_type=\"widget\" data-widget_type=\"spacer.default\">\n\t\t\t\t<div class=\"elementor-widget-container\">\n\t\t\t\t\t<div class=\"elementor-spacer\">\n\t\t\t<div class=\"elementor-spacer-inner\"><\/div>\n\t\t<\/div>\n\t\t\t\t<\/div>\n\t\t\t\t<\/div>\n\t\t\t\t<div class=\"elementor-element elementor-element-068702c elementor-widget elementor-widget-heading\" data-id=\"068702c\" data-element_type=\"widget\" data-widget_type=\"heading.default\">\n\t\t\t\t<div class=\"elementor-widget-container\">\n\t\t\t<h2 class=\"elementor-heading-title elementor-size-default\">Kuidas valida automaatikat<\/h2>\t\t<\/div>\n\t\t\t\t<\/div>\n\t\t\t\t<div class=\"elementor-element elementor-element-ff13d33 elementor-align-left elementor-widget elementor-widget-button\" data-id=\"ff13d33\" data-element_type=\"widget\" data-widget_type=\"button.default\">\n\t\t\t\t<div class=\"elementor-widget-container\">\n\t\t\t\t\t<div class=\"elementor-button-wrapper\">\n\t\t\t<a href=\"https:\/\/kivaku.eu\/uus\/kuidas-valida-automaatikat\/\" class=\"elementor-button-link elementor-button elementor-size-sm\" role=\"button\">\n\t\t\t\t\t\t<span class=\"elementor-button-content-wrapper\">\n\t\t\t\t\t\t<span class=\"elementor-button-text\">Loe edasi<\/span>\n\t\t<\/span>\n\t\t\t\t\t<\/a>\n\t\t<\/div>\n\t\t\t\t<\/div>\n\t\t\t\t<\/div>\n\t\t\t\t\t\t<\/div>\n\t\t\t\t\t<\/div>\n\t\t<\/div>\n\t\t\t\t\t\t\t\t<\/div>\n\t\t\t\t\t<\/div>\n\t\t<\/section>\n\t\t\t\t\t\t\t\t\t<\/div>\n\t\t\t<\/div>\n\t\t\t\t\t<\/div>\n\t\t<a href=\"https:\/\/kivaku.eu\/uus\/kuidas-valida-automaatikat\/\" class=\"jet-engine-listing-overlay-link\"><\/a><\/div><\/div><div class=\"jet-listing-grid__item jet-listing-dynamic-post-516\" data-post-id=\"516\" ><style type=\"text\/css\">.jet-listing-dynamic-post-516 .elementor-element.elementor-element-c54f1a7:not(.elementor-motion-effects-element-type-background) > .elementor-column-wrap, .jet-listing-dynamic-post-516 .elementor-element.elementor-element-c54f1a7 > .elementor-column-wrap > .elementor-motion-effects-container > .elementor-motion-effects-layer{background-image:url(\"https:\/\/kivaku.eu\/uus\/wp-content\/uploads\/2023\/03\/Home-Page-First-Pic.jpg\");}<\/style><div class=\"jet-engine-listing-overlay-wrap\" data-url=\"https:\/\/kivaku.eu\/uus\/kuidas-valida-oiget-garaaziust\/\">\t\t<div data-elementor-type=\"jet-listing-items\" data-elementor-id=\"523\" class=\"elementor elementor-523\">\n\t\t\t\t\t\t<div class=\"elementor-inner\">\n\t\t\t\t<div class=\"elementor-section-wrap\">\n\t\t\t\t\t\t\t\t\t<section class=\"elementor-section elementor-top-section elementor-element elementor-element-c24be16 elementor-section-full_width elementor-section-height-default elementor-section-height-default\" data-id=\"c24be16\" data-element_type=\"section\">\n\t\t\t\t\t\t<div class=\"elementor-container elementor-column-gap-default\">\n\t\t\t\t\t\t\t<div class=\"elementor-row\">\n\t\t\t\t\t<div class=\"elementor-column elementor-col-100 elementor-top-column elementor-element elementor-element-c54f1a7\" data-id=\"c54f1a7\" data-element_type=\"column\" data-settings=\"{&quot;background_background&quot;:&quot;classic&quot;}\">\n\t\t\t<div class=\"elementor-column-wrap elementor-element-populated\">\n\t\t\t\t\t\t\t<div class=\"elementor-widget-wrap\">\n\t\t\t\t\t\t<div class=\"elementor-element elementor-element-3662f4e elementor-widget elementor-widget-spacer\" data-id=\"3662f4e\" data-element_type=\"widget\" data-widget_type=\"spacer.default\">\n\t\t\t\t<div class=\"elementor-widget-container\">\n\t\t\t\t\t<div class=\"elementor-spacer\">\n\t\t\t<div class=\"elementor-spacer-inner\"><\/div>\n\t\t<\/div>\n\t\t\t\t<\/div>\n\t\t\t\t<\/div>\n\t\t\t\t<div class=\"elementor-element elementor-element-068702c elementor-widget elementor-widget-heading\" data-id=\"068702c\" data-element_type=\"widget\" data-widget_type=\"heading.default\">\n\t\t\t\t<div class=\"elementor-widget-container\">\n\t\t\t<h2 class=\"elementor-heading-title elementor-size-default\">Kuidas valida \u00f5iget garaa\u017eiust<\/h2>\t\t<\/div>\n\t\t\t\t<\/div>\n\t\t\t\t<div class=\"elementor-element elementor-element-ff13d33 elementor-align-left elementor-widget elementor-widget-button\" data-id=\"ff13d33\" data-element_type=\"widget\" data-widget_type=\"button.default\">\n\t\t\t\t<div class=\"elementor-widget-container\">\n\t\t\t\t\t<div class=\"elementor-button-wrapper\">\n\t\t\t<a href=\"https:\/\/kivaku.eu\/uus\/kuidas-valida-oiget-garaaziust\/\" class=\"elementor-button-link elementor-button elementor-size-sm\" role=\"button\">\n\t\t\t\t\t\t<span class=\"elementor-button-content-wrapper\">\n\t\t\t\t\t\t<span class=\"elementor-button-text\">Loe edasi<\/span>\n\t\t<\/span>\n\t\t\t\t\t<\/a>\n\t\t<\/div>\n\t\t\t\t<\/div>\n\t\t\t\t<\/div>\n\t\t\t\t\t\t<\/div>\n\t\t\t\t\t<\/div>\n\t\t<\/div>\n\t\t\t\t\t\t\t\t<\/div>\n\t\t\t\t\t<\/div>\n\t\t<\/section>\n\t\t\t\t\t\t\t\t\t<\/div>\n\t\t\t<\/div>\n\t\t\t\t\t<\/div>\n\t\t<a href=\"https:\/\/kivaku.eu\/uus\/kuidas-valida-oiget-garaaziust\/\" class=\"jet-engine-listing-overlay-link\"><\/a><\/div><\/div><div class=\"jet-listing-grid__item jet-listing-dynamic-post-514\" data-post-id=\"514\" ><style type=\"text\/css\">.jet-listing-dynamic-post-514 .elementor-element.elementor-element-c54f1a7:not(.elementor-motion-effects-element-type-background) > .elementor-column-wrap, .jet-listing-dynamic-post-514 .elementor-element.elementor-element-c54f1a7 > .elementor-column-wrap > .elementor-motion-effects-container > .elementor-motion-effects-layer{background-image:url(\"https:\/\/kivaku.eu\/uus\/wp-content\/uploads\/2023\/03\/b7913e1bc12a879568adc91208aa35ec-708x520-c.jpg\");}<\/style><div class=\"jet-engine-listing-overlay-wrap\" data-url=\"https:\/\/kivaku.eu\/uus\/5-marki-et-uks-vajab-hooldust\/\">\t\t<div data-elementor-type=\"jet-listing-items\" data-elementor-id=\"523\" class=\"elementor elementor-523\">\n\t\t\t\t\t\t<div class=\"elementor-inner\">\n\t\t\t\t<div class=\"elementor-section-wrap\">\n\t\t\t\t\t\t\t\t\t<section class=\"elementor-section elementor-top-section elementor-element elementor-element-c24be16 elementor-section-full_width elementor-section-height-default elementor-section-height-default\" data-id=\"c24be16\" data-element_type=\"section\">\n\t\t\t\t\t\t<div class=\"elementor-container elementor-column-gap-default\">\n\t\t\t\t\t\t\t<div class=\"elementor-row\">\n\t\t\t\t\t<div class=\"elementor-column elementor-col-100 elementor-top-column elementor-element elementor-element-c54f1a7\" data-id=\"c54f1a7\" data-element_type=\"column\" data-settings=\"{&quot;background_background&quot;:&quot;classic&quot;}\">\n\t\t\t<div class=\"elementor-column-wrap elementor-element-populated\">\n\t\t\t\t\t\t\t<div class=\"elementor-widget-wrap\">\n\t\t\t\t\t\t<div class=\"elementor-element elementor-element-3662f4e elementor-widget elementor-widget-spacer\" data-id=\"3662f4e\" data-element_type=\"widget\" data-widget_type=\"spacer.default\">\n\t\t\t\t<div class=\"elementor-widget-container\">\n\t\t\t\t\t<div class=\"elementor-spacer\">\n\t\t\t<div class=\"elementor-spacer-inner\"><\/div>\n\t\t<\/div>\n\t\t\t\t<\/div>\n\t\t\t\t<\/div>\n\t\t\t\t<div class=\"elementor-element elementor-element-068702c elementor-widget elementor-widget-heading\" data-id=\"068702c\" data-element_type=\"widget\" data-widget_type=\"heading.default\">\n\t\t\t\t<div class=\"elementor-widget-container\">\n\t\t\t<h2 class=\"elementor-heading-title elementor-size-default\">&#8220;7 M\u00e4rki&#8221;, et uks vajab hooldust<\/h2>\t\t<\/div>\n\t\t\t\t<\/div>\n\t\t\t\t<div class=\"elementor-element elementor-element-ff13d33 elementor-align-left elementor-widget elementor-widget-button\" data-id=\"ff13d33\" data-element_type=\"widget\" data-widget_type=\"button.default\">\n\t\t\t\t<div class=\"elementor-widget-container\">\n\t\t\t\t\t<div class=\"elementor-button-wrapper\">\n\t\t\t<a href=\"https:\/\/kivaku.eu\/uus\/5-marki-et-uks-vajab-hooldust\/\" class=\"elementor-button-link elementor-button elementor-size-sm\" role=\"button\">\n\t\t\t\t\t\t<span class=\"elementor-button-content-wrapper\">\n\t\t\t\t\t\t<span class=\"elementor-button-text\">Loe edasi<\/span>\n\t\t<\/span>\n\t\t\t\t\t<\/a>\n\t\t<\/div>\n\t\t\t\t<\/div>\n\t\t\t\t<\/div>\n\t\t\t\t\t\t<\/div>\n\t\t\t\t\t<\/div>\n\t\t<\/div>\n\t\t\t\t\t\t\t\t<\/div>\n\t\t\t\t\t<\/div>\n\t\t<\/section>\n\t\t\t\t\t\t\t\t\t<\/div>\n\t\t\t<\/div>\n\t\t\t\t\t<\/div>\n\t\t<a href=\"https:\/\/kivaku.eu\/uus\/5-marki-et-uks-vajab-hooldust\/\" class=\"jet-engine-listing-overlay-link\"><\/a><\/div><\/div><\/div><\/div>\t\t<\/div>\n\t\t\t\t<\/div>\n\t\t\t\t\t\t<\/div>\n\t\t\t\t\t<\/div>\n\t\t<\/div>\n\t\t\t\t\t\t\t\t<\/div>\n\t\t\t\t\t<\/div>\n\t\t<\/section>\n\t\t\t\t<section class=\"elementor-section elementor-top-section elementor-element elementor-element-9c63b3e elementor-section-boxed elementor-section-height-default elementor-section-height-default\" data-id=\"9c63b3e\" data-element_type=\"section\" data-settings=\"{&quot;background_background&quot;:&quot;classic&quot;}\">\n\t\t\t\t\t\t<div class=\"elementor-container elementor-column-gap-default\">\n\t\t\t\t\t\t\t<div class=\"elementor-row\">\n\t\t\t\t\t<div class=\"elementor-column elementor-col-100 elementor-top-column elementor-element elementor-element-d07c1fb\" data-id=\"d07c1fb\" data-element_type=\"column\">\n\t\t\t<div class=\"elementor-column-wrap elementor-element-populated\">\n\t\t\t\t\t\t\t<div class=\"elementor-widget-wrap\">\n\t\t\t\t\t\t<div class=\"elementor-element elementor-element-18393aa elementor-widget elementor-widget-heading\" data-id=\"18393aa\" data-element_type=\"widget\" data-widget_type=\"heading.default\">\n\t\t\t\t<div class=\"elementor-widget-container\">\n\t\t\t<h2 class=\"elementor-heading-title elementor-size-default\">Tuntud tegijad on oma uksed ja automaatika meie hoolde usaldanud<\/h2>\t\t<\/div>\n\t\t\t\t<\/div>\n\t\t\t\t<div class=\"elementor-element elementor-element-7a0ecd6 elementor-widget elementor-widget-heading\" data-id=\"7a0ecd6\" data-element_type=\"widget\" data-widget_type=\"heading.default\">\n\t\t\t\t<div class=\"elementor-widget-container\">\n\t\t\t<h2 class=\"elementor-heading-title elementor-size-default\">Oleme paigaldanud umbkaudu 1500 t\u00f6\u00f6stusust. T\u00e4na on\nmeie hooldada ligi 5000 ust \u00fcle kogu Eesti.<\/h2>\t\t<\/div>\n\t\t\t\t<\/div>\n\t\t\t\t<div class=\"elementor-element elementor-element-df9f377 elementor-hidden-tablet elementor-hidden-mobile elementor-widget elementor-widget-jet-listing-grid\" data-id=\"df9f377\" data-element_type=\"widget\" data-settings=\"{&quot;columns&quot;:&quot;4&quot;,&quot;columns_mobile&quot;:&quot;1&quot;}\" data-widget_type=\"jet-listing-grid.default\">\n\t\t\t\t<div class=\"elementor-widget-container\">\n\t\t\t<div class=\"jet-listing-grid jet-listing-grid--lazy-load jet-listing jet-listing-grid-loading\" data-lazy-load=\"{&quot;offset&quot;:&quot;0px&quot;,&quot;post_id&quot;:21,&quot;queried_id&quot;:&quot;21|WP_Post&quot;}\"><div class=\"jet-listing-grid__loader\"><div class=\"jet-listing-grid__loader-spinner\"><\/div><\/div><\/div>\t\t<\/div>\n\t\t\t\t<\/div>\n\t\t\t\t<div class=\"elementor-element elementor-element-4a23cbd elementor-hidden-desktop elementor-widget elementor-widget-jet-listing-grid\" data-id=\"4a23cbd\" data-element_type=\"widget\" data-settings=\"{&quot;columns&quot;:&quot;3&quot;,&quot;columns_mobile&quot;:&quot;1&quot;}\" data-widget_type=\"jet-listing-grid.default\">\n\t\t\t\t<div class=\"elementor-widget-container\">\n\t\t\t<div class=\"jet-listing-grid jet-listing-grid--lazy-load jet-listing jet-listing-grid-loading\" data-lazy-load=\"{&quot;offset&quot;:&quot;0px&quot;,&quot;post_id&quot;:21,&quot;queried_id&quot;:&quot;21|WP_Post&quot;}\"><div class=\"jet-listing-grid__loader\"><div class=\"jet-listing-grid__loader-spinner\"><\/div><\/div><\/div>\t\t<\/div>\n\t\t\t\t<\/div>\n\t\t\t\t<div class=\"elementor-element elementor-element-458487a elementor-widget elementor-widget-heading\" data-id=\"458487a\" data-element_type=\"widget\" data-widget_type=\"heading.default\">\n\t\t\t\t<div class=\"elementor-widget-container\">\n\t\t\t<h2 class=\"elementor-heading-title elementor-size-default\"><a href=\"https:\/\/kivaku.eu\/uus\/tehtud-tood\/\">Vaata tehtud t\u00f6id<\/a><\/h2>\t\t<\/div>\n\t\t\t\t<\/div>\n\t\t\t\t\t\t<\/div>\n\t\t\t\t\t<\/div>\n\t\t<\/div>\n\t\t\t\t\t\t\t\t<\/div>\n\t\t\t\t\t<\/div>\n\t\t<\/section>\n\t\t\t\t\t\t\t\t\t<\/div>\n\t\t\t<\/div>\n\t\t\t\t\t<\/div>\n\t\t","protected":false},"excerpt":{"rendered":"<p>Kasulikku lugemist Loe edasi Loe edasi Loe edasi Tuntud tegijad on oma uksed ja automaatika meie hoolde usaldanud Oleme paigaldanud umbkaudu 1500 t\u00f6\u00f6stusust. T\u00e4na on meie hooldada ligi 5000 ust \u00fcle kogu Eesti. Vaata tehtud t\u00f6id<\/p>\n","protected":false},"author":2,"featured_media":0,"parent":0,"menu_order":0,"comment_status":"closed","ping_status":"closed","template":"elementor_header_footer","meta":{"_mi_skip_tracking":false,"_monsterinsights_sitenote_active":false,"_monsterinsights_sitenote_note":"","_monsterinsights_sitenote_category":0,"_jet_sm_ready_style":"","_jet_sm_style":"","_jet_sm_controls_values":"","_jet_sm_fonts_collection":"","_jet_sm_fonts_links":"","footnotes":""},"class_list":["post-21","page","type-page","status-publish","hentry"],"yoast_head":"<!-- This site is optimized with the Yoast SEO plugin v20.8 - https:\/\/yoast.com\/wordpress\/plugins\/seo\/ -->\n<title>Kasulik info - Kivaku O&Uuml;<\/title>\n<meta name=\"robots\" content=\"index, follow, max-snippet:-1, max-image-preview:large, max-video-preview:-1\" \/>\n<link rel=\"canonical\" href=\"https:\/\/kivaku.eu\/uus\/kasulik-info\/\" \/>\n<meta property=\"og:locale\" content=\"en_US\" \/>\n<meta property=\"og:type\" content=\"article\" \/>\n<meta property=\"og:title\" content=\"Kasulik info - Kivaku O&Uuml;\" \/>\n<meta property=\"og:description\" content=\"Kasulikku lugemist Loe edasi Loe edasi Loe edasi Tuntud tegijad on oma uksed ja automaatika meie hoolde usaldanud Oleme paigaldanud umbkaudu 1500 t\u00f6\u00f6stusust. T\u00e4na on meie hooldada ligi 5000 ust \u00fcle kogu Eesti. Vaata tehtud t\u00f6id\" \/>\n<meta property=\"og:url\" content=\"https:\/\/kivaku.eu\/uus\/kasulik-info\/\" \/>\n<meta property=\"og:site_name\" content=\"Kivaku O&Uuml;\" \/>\n<meta property=\"article:modified_time\" content=\"2023-05-31T12:11:39+00:00\" \/>\n<meta name=\"twitter:card\" content=\"summary_large_image\" \/>\n<meta name=\"twitter:label1\" content=\"Est. reading time\" \/>\n\t<meta name=\"twitter:data1\" content=\"29 minutes\" \/>\n<script type=\"application\/ld+json\" class=\"yoast-schema-graph\">{\"@context\":\"https:\/\/schema.org\",\"@graph\":[{\"@type\":\"WebPage\",\"@id\":\"https:\/\/kivaku.eu\/uus\/kasulik-info\/\",\"url\":\"https:\/\/kivaku.eu\/uus\/kasulik-info\/\",\"name\":\"Kasulik info - Kivaku O&Uuml;\",\"isPartOf\":{\"@id\":\"https:\/\/kivaku.eu\/uus\/#website\"},\"datePublished\":\"2023-03-29T11:58:25+00:00\",\"dateModified\":\"2023-05-31T12:11:39+00:00\",\"breadcrumb\":{\"@id\":\"https:\/\/kivaku.eu\/uus\/kasulik-info\/#breadcrumb\"},\"inLanguage\":\"en\",\"potentialAction\":[{\"@type\":\"ReadAction\",\"target\":[\"https:\/\/kivaku.eu\/uus\/kasulik-info\/\"]}]},{\"@type\":\"BreadcrumbList\",\"@id\":\"https:\/\/kivaku.eu\/uus\/kasulik-info\/#breadcrumb\",\"itemListElement\":[{\"@type\":\"ListItem\",\"position\":1,\"name\":\"Home\",\"item\":\"https:\/\/kivaku.eu\/uus\/\"},{\"@type\":\"ListItem\",\"position\":2,\"name\":\"Kasulik info\"}]},{\"@type\":\"WebSite\",\"@id\":\"https:\/\/kivaku.eu\/uus\/#website\",\"url\":\"https:\/\/kivaku.eu\/uus\/\",\"name\":\"Kivaku O&Uuml;\",\"description\":\"T&ouml;&ouml;stuslikud ja kodused l&auml;bip&auml;&auml;sus&uuml;steemid\",\"potentialAction\":[{\"@type\":\"SearchAction\",\"target\":{\"@type\":\"EntryPoint\",\"urlTemplate\":\"https:\/\/kivaku.eu\/uus\/?s={search_term_string}\"},\"query-input\":\"required name=search_term_string\"}],\"inLanguage\":\"en\"}]}<\/script>\n<!-- \/ Yoast SEO plugin. -->","yoast_head_json":{"title":"Kasulik info - Kivaku O&Uuml;","robots":{"index":"index","follow":"follow","max-snippet":"max-snippet:-1","max-image-preview":"max-image-preview:large","max-video-preview":"max-video-preview:-1"},"canonical":"https:\/\/kivaku.eu\/uus\/kasulik-info\/","og_locale":"en_US","og_type":"article","og_title":"Kasulik info - Kivaku O&Uuml;","og_description":"Kasulikku lugemist Loe edasi Loe edasi Loe edasi Tuntud tegijad on oma uksed ja automaatika meie hoolde usaldanud Oleme paigaldanud umbkaudu 1500 t\u00f6\u00f6stusust. T\u00e4na on meie hooldada ligi 5000 ust \u00fcle kogu Eesti. Vaata tehtud t\u00f6id","og_url":"https:\/\/kivaku.eu\/uus\/kasulik-info\/","og_site_name":"Kivaku O&Uuml;","article_modified_time":"2023-05-31T12:11:39+00:00","twitter_card":"summary_large_image","twitter_misc":{"Est. reading time":"29 minutes"},"schema":{"@context":"https:\/\/schema.org","@graph":[{"@type":"WebPage","@id":"https:\/\/kivaku.eu\/uus\/kasulik-info\/","url":"https:\/\/kivaku.eu\/uus\/kasulik-info\/","name":"Kasulik info - Kivaku O&Uuml;","isPartOf":{"@id":"https:\/\/kivaku.eu\/uus\/#website"},"datePublished":"2023-03-29T11:58:25+00:00","dateModified":"2023-05-31T12:11:39+00:00","breadcrumb":{"@id":"https:\/\/kivaku.eu\/uus\/kasulik-info\/#breadcrumb"},"inLanguage":"en","potentialAction":[{"@type":"ReadAction","target":["https:\/\/kivaku.eu\/uus\/kasulik-info\/"]}]},{"@type":"BreadcrumbList","@id":"https:\/\/kivaku.eu\/uus\/kasulik-info\/#breadcrumb","itemListElement":[{"@type":"ListItem","position":1,"name":"Home","item":"https:\/\/kivaku.eu\/uus\/"},{"@type":"ListItem","position":2,"name":"Kasulik info"}]},{"@type":"WebSite","@id":"https:\/\/kivaku.eu\/uus\/#website","url":"https:\/\/kivaku.eu\/uus\/","name":"Kivaku O&Uuml;","description":"T&ouml;&ouml;stuslikud ja kodused l&auml;bip&auml;&auml;sus&uuml;steemid","potentialAction":[{"@type":"SearchAction","target":{"@type":"EntryPoint","urlTemplate":"https:\/\/kivaku.eu\/uus\/?s={search_term_string}"},"query-input":"required name=search_term_string"}],"inLanguage":"en"}]}},"_links":{"self":[{"href":"https:\/\/kivaku.eu\/uus\/wp-json\/wp\/v2\/pages\/21","targetHints":{"allow":["GET"]}}],"collection":[{"href":"https:\/\/kivaku.eu\/uus\/wp-json\/wp\/v2\/pages"}],"about":[{"href":"https:\/\/kivaku.eu\/uus\/wp-json\/wp\/v2\/types\/page"}],"author":[{"embeddable":true,"href":"https:\/\/kivaku.eu\/uus\/wp-json\/wp\/v2\/users\/2"}],"replies":[{"embeddable":true,"href":"https:\/\/kivaku.eu\/uus\/wp-json\/wp\/v2\/comments?post=21"}],"version-history":[{"count":28,"href":"https:\/\/kivaku.eu\/uus\/wp-json\/wp\/v2\/pages\/21\/revisions"}],"predecessor-version":[{"id":4487,"href":"https:\/\/kivaku.eu\/uus\/wp-json\/wp\/v2\/pages\/21\/revisions\/4487"}],"wp:attachment":[{"href":"https:\/\/kivaku.eu\/uus\/wp-json\/wp\/v2\/media?parent=21"}],"curies":[{"name":"wp","href":"https:\/\/api.w.org\/{rel}","templated":true}]}}