{"id":4586,"date":"2024-04-23T21:41:25","date_gmt":"2024-04-23T18:41:25","guid":{"rendered":"https:\/\/kivaku.eu\/uus\/?page_id=4586"},"modified":"2024-04-23T21:52:40","modified_gmt":"2024-04-23T18:52:40","slug":"kupsised","status":"publish","type":"page","link":"https:\/\/kivaku.eu\/uus\/kupsised\/","title":{"rendered":"K\u00fcpsised"},"content":{"rendered":"\t\t<div data-elementor-type=\"wp-page\" data-elementor-id=\"4586\" class=\"elementor elementor-4586\">\n\t\t\t\t\t\t<div class=\"elementor-inner\">\n\t\t\t\t<div class=\"elementor-section-wrap\">\n\t\t\t\t\t\t\t\t\t<section class=\"elementor-section elementor-top-section elementor-element elementor-element-9302ab0 elementor-section-boxed elementor-section-height-default elementor-section-height-default\" data-id=\"9302ab0\" data-element_type=\"section\">\n\t\t\t\t\t\t<div class=\"elementor-container elementor-column-gap-default\">\n\t\t\t\t\t\t\t<div class=\"elementor-row\">\n\t\t\t\t\t<div class=\"elementor-column elementor-col-100 elementor-top-column elementor-element elementor-element-84b173b\" data-id=\"84b173b\" data-element_type=\"column\">\n\t\t\t<div class=\"elementor-column-wrap elementor-element-populated\">\n\t\t\t\t\t\t\t<div class=\"elementor-widget-wrap\">\n\t\t\t\t\t\t<div class=\"elementor-element elementor-element-e50246c elementor-widget elementor-widget-text-editor\" data-id=\"e50246c\" data-element_type=\"widget\" data-widget_type=\"text-editor.default\">\n\t\t\t\t<div class=\"elementor-widget-container\">\n\t\t\t\t\t\t\t\t<div class=\"elementor-text-editor elementor-clearfix\">\n\t\t\t\t<h3><b>K\u00fcpsised<\/b><\/h3><p><span style=\"font-weight: 400;\">Selle veebisaidi korrektseks t\u00f6\u00f6tamiseks, kasutamise anal\u00fc\u00fcsimiseks ning k\u00fclastajatele parima kasutusmugavuse pakkumiseks paigutame Teie seadme (arvuti, nutiseade vms) brauseri(te)sse nn k\u00fcpsised (ingl cookie).<\/span><\/p><p><b>Mis on k\u00fcpsis?<\/b><\/p><p><span style=\"font-weight: 400;\">K\u00fcpsis on v\u00e4ike tekstifail, mis salvestatakse veebisaidi k\u00fclastamisel Teie seadme (arvuti, nutiseade vms) brauserisse. Igal Teie j\u00e4rgneval veebisaidi k\u00fclastusel saadetakse k\u00fcpsised tagasi sellele veebisaidile v\u00f5i m\u00f5nele teisele veebisaidile, mis k\u00fcpsise \u00e4ra tunneb, et saada \u00fclevaade kasutaja v\u00f5rgutegevusest.\u00a0<\/span><\/p><p><span style=\"font-weight: 400;\">K\u00fcpsised aitavad meil anal\u00fc\u00fcsida, kuidas seda veebisaiti kasutatakse (n\u00e4iteks millised lehed on k\u00f5ige populaarsemad), et saaksime veebisaidi kasutajatele pakkuda parimat kasutusmugavust.<\/span><\/p><h5><b>Sellel saidil kasutatavad k\u00fcpsised<\/b><\/h5><p><b>Tingimata vajalikud k\u00fcpsised (ingl Strictly Necessary).\u00a0<\/b><\/p><p><span style=\"font-weight: 400;\">Need k\u00fcpsised on h\u00e4davajalikud, et saaksite liikuda meie veebisaidil. Neid kasutades ei koguta teie kohta andmeid, mida v\u00f5iks rakendada turunduslikel eesm\u00e4rkidel, samuti ei j\u00e4eta meelde teie varasemaid internetik\u00fclastusi. Ilma nende k\u00fcpsisteta ei toimi veebisait n\u00f5uetekohaselt ja nende keelamine ei ole v\u00f5imalik.<\/span><\/p><table><tbody><tr><td><p><span style=\"font-weight: 400;\">K\u00fcpsise nimi<\/span><\/p><\/td><td><p><span style=\"font-weight: 400;\">Domeen<\/span><\/p><\/td><td><p><span style=\"font-weight: 400;\">Kestus<\/span><\/p><\/td><td><p><span style=\"font-weight: 400;\">Eesm\u00e4rk<\/span><\/p><\/td><\/tr><tr><td><p><span style=\"font-weight: 400;\">elementor<\/span><\/p><\/td><td><p><a href=\"https:\/\/kivaku.eu\/uus\/\"><span style=\"font-weight: 400;\">www.kivaku.eu<\/span><\/a><\/p><\/td><td><p><span style=\"font-weight: 400;\">P\u00fcsiv<\/span><\/p><\/td><td><p><span style=\"font-weight: 400;\">V\u00f5imaldab veebilehe sisu reaalajas muuta v\u00f5i uuendada.<\/span><\/p><\/td><\/tr><tr><td><p><span style=\"font-weight: 400;\">wpEmojiSettingsSupports<\/span><\/p><\/td><td><p><a href=\"https:\/\/kivaku.eu\/uus\/\"><span style=\"font-weight: 400;\">www.kivaku.eu<\/span><\/a><\/p><\/td><td><p><span style=\"font-weight: 400;\">Seanss<\/span><\/p><\/td><td><p><span style=\"font-weight: 400;\">V\u00f5imaldab emoji tuge WordPressi lehtedel.<\/span><\/p><\/td><\/tr><\/tbody><\/table><p>\u00a0<\/p><p><b>Turunduslikud k\u00fcpsised<\/b><\/p><p><span style=\"font-weight: 400;\">Neid k\u00fcpsiseid kasutatakse veebisaitide k\u00fclastajate anon\u00fc\u00fcmseks j\u00e4lgimiseks..<\/span><\/p><p><span style=\"font-weight: 400;\">Neid k\u00fcpsiseid me ei kasuta.<\/span><\/p><p>\u00a0<\/p><p><b>Anal\u00fc\u00fctilised k\u00fcpsised (ingl Statistics).\u00a0<\/b><\/p><p><span style=\"font-weight: 400;\">Neid k\u00fcpsiseid kasutatakse teabe kogumiseks selle kohta, kuidas Teie seda veebisaiti kasutate. Kasutame seda teavet oma saidi t\u00e4iustamiseks anon\u00fc\u00fcmse teabe kogumise kaudu (nt veebisaidi k\u00fclastajate arv ja leht, kust k\u00fclastajad saidile on tulnud).<\/span><\/p><table><tbody><tr><td><p><span style=\"font-weight: 400;\">K\u00fcpsise nimi<\/span><\/p><\/td><td><p><span style=\"font-weight: 400;\">Domeen<\/span><\/p><\/td><td><p><span style=\"font-weight: 400;\">Kestus<\/span><\/p><\/td><td><p><span style=\"font-weight: 400;\">Eesm\u00e4rk<\/span><\/p><\/td><\/tr><tr><td><p><span style=\"font-weight: 400;\">ga*<\/span><\/p><\/td><td><p><span style=\"font-weight: 400;\">.kivaku.eu<\/span><\/p><\/td><td><p><span style=\"font-weight: 400;\">1 aasta<\/span><\/p><\/td><td><p><span style=\"font-weight: 400;\">Google Analytics 4 identifikaator, j\u00e4lgib eri sessioonide kasutajat.<\/span><\/p><\/td><\/tr><tr><td><p><span style=\"font-weight: 400;\">_ga<\/span><\/p><\/td><td><p><span style=\"font-weight: 400;\">.kivaku.eu<\/span><\/p><\/td><td><p><span style=\"font-weight: 400;\">1 aasta<\/span><\/p><\/td><td><p><span style=\"font-weight: 400;\">Google Analyticsi identifikaator, j\u00e4lgib kasutajaid.<\/span><\/p><\/td><\/tr><tr><td><p><span style=\"font-weight: 400;\">_gid<\/span><\/p><\/td><td><p><span style=\"font-weight: 400;\">.kivaku.eu<\/span><\/p><\/td><td><p><span style=\"font-weight: 400;\">1 p\u00e4ev<\/span><\/p><\/td><td><p><span style=\"font-weight: 400;\">Google Analyticsi identifikaator, j\u00e4lgib kasutajaid.<\/span><\/p><\/td><\/tr><tr><td><p><span style=\"font-weight: 400;\">gat*<\/span><\/p><\/td><td><p><span style=\"font-weight: 400;\">.kivaku.eu<\/span><\/p><\/td><td><p><span style=\"font-weight: 400;\">1 minut<\/span><\/p><\/td><td><p><span style=\"font-weight: 400;\">Piirab Google Analyticsi p\u00e4ringute m\u00e4\u00e4ra.<\/span><\/p><\/td><\/tr><\/tbody><\/table><p>\u00a0<\/p><p><span style=\"font-weight: 400;\">Kasutame seda teavet oma saidi t\u00e4iustamiseks anon\u00fc\u00fcmse teabe kogumise kaudu (nt veebisaidi k\u00fclastajate arv ja leht, kust k\u00fclastajad saidile on tulnud).<\/span><\/p><p><b>Kolmandate osapoolte veebisaitide k\u00fcpsised<\/b><\/p><p><span style=\"font-weight: 400;\">Selle veebisaidi v\u00f5idakse kasutada sisu muudest veebisaitidelt (n\u00e4it Google Maps) v\u00f5i kasutamisel v\u00f5idakse Teid suunata muudele veebisaitidele, mis v\u00f5ivad kasutada oma k\u00fcpsiseid. Meil ei ole kontrolli k\u00fcpsiste paigutamise \u00fcle teiste veebisaitide poolt, isegi kui Teid suunatakse nende juurde sellelt veebisaidilt.<\/span><\/p><p><span style=\"font-weight: 400;\">Kolmandate osapoolte teenused andmete kogumisel toimivad vastavalt nende tingimustele.<\/span><\/p><p><a href=\"https:\/\/policies.google.com\/technologies\/cookies\"><span style=\"font-weight: 400;\">Google\u2019i k\u00fcpsiste tingimused avaneb uues vahekaardis<\/span><\/a><span style=\"font-weight: 400;\">\u00a0<\/span><\/p><p><a href=\"https:\/\/www.facebook.com\/privacy\/policies\/cookies\/?entry_point=cookie_policy_redirect&amp;entry=0\"><span style=\"font-weight: 400;\">Facebooki k\u00fcpsiste tingimused\u00a0 avaneb uues vahekaardis<\/span><\/a><\/p><p><a href=\"https:\/\/www.linkedin.com\/legal\/cookie-policy\"><span style=\"font-weight: 400;\">LinkedIn k\u00fcpsiste tingimused avaneb uues vahekaardis<\/span><\/a><\/p><p><a href=\"https:\/\/help.twitter.com\/en\/rules-and-policies\/x-cookies\"><span style=\"font-weight: 400;\">Twitter k\u00fcpsiste tingimused avaneb uues vahekaardis<\/span><\/a><\/p><p><b>Kuidas k\u00fcpsiseid brauseris hallata ja kustutada<\/b><\/p><p><span style=\"font-weight: 400;\">Sellel veebisaidil kasutatavaid k\u00fcpsiseid saab brauseris lubada v\u00f5i keelata.\u00a0<\/span><\/p><p><span style=\"font-weight: 400;\">K\u00fcpsise v\u00f5i k\u00fcpsisekategooria keelamine ei kustuta automaatselt k\u00fcpsist Teie brauserist.<\/span><\/p><p><span style=\"font-weight: 400;\">\u00a0<\/span><\/p><p><b>Juhised k\u00fcpsiste haldamiseks:<\/b><\/p><p><a href=\"https:\/\/support.google.com\/chrome\/answer\/95647?hl=et\"><span style=\"font-weight: 400;\">Chrome avaneb uues vahekaardis,<\/span><\/a><\/p><p><a href=\"https:\/\/support.microsoft.com\/et-ee\/windows\/k%C3%BCpsiste-kustutamine-ja-haldamine-168dab11-0753-043d-7c16-ede5947fc64d\"><span style=\"font-weight: 400;\">Internet Explorer avaneb uues vahekaardis,<\/span><\/a><\/p><p><a href=\"https:\/\/support.microsoft.com\/et-ee\/microsoft-edge\/k%C3%BCpsiste-kustutamine-microsoft-edge-is-63947406-40ac-c3b8-57b9-2a946a29ae09\"><span style=\"font-weight: 400;\">Edge avaneb uues vahekaardis<\/span><\/a><\/p><p><b>Piiratud ligip\u00e4\u00e4s<\/b><\/p><p><span style=\"font-weight: 400;\">Andmevahetus toimub kr\u00fcpteeritult HTTPS protokolli kaudu.<\/span><\/p><p><b>Lisainfo<\/b><\/p><p><span style=\"font-weight: 400;\">Lisainfo saamiseks p\u00f6\u00f6rduge andmekaitsespetsialisti poole aadressil <\/span><span style=\"font-weight: 400;\">tonu@kivaku.eu<\/span><\/p><p><span style=\"font-weight: 400;\">Viimati uuendatud 23.04.2024<\/span><\/p>\t\t\t\t\t<\/div>\n\t\t\t\t\t\t<\/div>\n\t\t\t\t<\/div>\n\t\t\t\t\t\t<\/div>\n\t\t\t\t\t<\/div>\n\t\t<\/div>\n\t\t\t\t\t\t\t\t<\/div>\n\t\t\t\t\t<\/div>\n\t\t<\/section>\n\t\t\t\t\t\t\t\t\t<\/div>\n\t\t\t<\/div>\n\t\t\t\t\t<\/div>\n\t\t","protected":false},"excerpt":{"rendered":"<p>K\u00fcpsised Selle veebisaidi korrektseks t\u00f6\u00f6tamiseks, kasutamise anal\u00fc\u00fcsimiseks ning k\u00fclastajatele parima kasutusmugavuse pakkumiseks paigutame Teie seadme (arvuti, nutiseade vms) brauseri(te)sse nn k\u00fcpsised (ingl cookie). Mis on k\u00fcpsis? K\u00fcpsis on v\u00e4ike tekstifail, mis salvestatakse veebisaidi k\u00fclastamisel Teie seadme (arvuti, nutiseade vms) brauserisse. Igal Teie j\u00e4rgneval veebisaidi k\u00fclastusel saadetakse k\u00fcpsised tagasi sellele veebisaidile v\u00f5i m\u00f5nele teisele veebisaidile, mis [&hellip;]<\/p>\n","protected":false},"author":2,"featured_media":0,"parent":0,"menu_order":0,"comment_status":"closed","ping_status":"closed","template":"elementor_header_footer","meta":{"_mi_skip_tracking":false,"_monsterinsights_sitenote_active":false,"_monsterinsights_sitenote_note":"","_monsterinsights_sitenote_category":0,"_jet_sm_ready_style":"","_jet_sm_style":"","_jet_sm_controls_values":"","_jet_sm_fonts_collection":"","_jet_sm_fonts_links":"","footnotes":""},"class_list":["post-4586","page","type-page","status-publish","hentry"],"yoast_head":"<!-- This site is optimized with the Yoast SEO plugin v20.8 - https:\/\/yoast.com\/wordpress\/plugins\/seo\/ -->\n<title>K\u00fcpsised - Kivaku O&Uuml;<\/title>\n<meta name=\"robots\" content=\"index, follow, max-snippet:-1, max-image-preview:large, max-video-preview:-1\" \/>\n<link rel=\"canonical\" href=\"https:\/\/kivaku.eu\/uus\/kupsised\/\" \/>\n<meta property=\"og:locale\" content=\"en_US\" \/>\n<meta property=\"og:type\" content=\"article\" \/>\n<meta property=\"og:title\" content=\"K\u00fcpsised - Kivaku O&Uuml;\" \/>\n<meta property=\"og:description\" content=\"K\u00fcpsised Selle veebisaidi korrektseks t\u00f6\u00f6tamiseks, kasutamise anal\u00fc\u00fcsimiseks ning k\u00fclastajatele parima kasutusmugavuse pakkumiseks paigutame Teie seadme (arvuti, nutiseade vms) brauseri(te)sse nn k\u00fcpsised (ingl cookie). Mis on k\u00fcpsis? K\u00fcpsis on v\u00e4ike tekstifail, mis salvestatakse veebisaidi k\u00fclastamisel Teie seadme (arvuti, nutiseade vms) brauserisse. Igal Teie j\u00e4rgneval veebisaidi k\u00fclastusel saadetakse k\u00fcpsised tagasi sellele veebisaidile v\u00f5i m\u00f5nele teisele veebisaidile, mis [&hellip;]\" \/>\n<meta property=\"og:url\" content=\"https:\/\/kivaku.eu\/uus\/kupsised\/\" \/>\n<meta property=\"og:site_name\" content=\"Kivaku O&Uuml;\" \/>\n<meta property=\"article:modified_time\" content=\"2024-04-23T18:52:40+00:00\" \/>\n<meta name=\"twitter:card\" content=\"summary_large_image\" \/>\n<meta name=\"twitter:label1\" content=\"Est. reading time\" \/>\n\t<meta name=\"twitter:data1\" content=\"3 minutes\" \/>\n<script type=\"application\/ld+json\" class=\"yoast-schema-graph\">{\"@context\":\"https:\/\/schema.org\",\"@graph\":[{\"@type\":\"WebPage\",\"@id\":\"https:\/\/kivaku.eu\/uus\/kupsised\/\",\"url\":\"https:\/\/kivaku.eu\/uus\/kupsised\/\",\"name\":\"K\u00fcpsised - Kivaku O&Uuml;\",\"isPartOf\":{\"@id\":\"https:\/\/kivaku.eu\/uus\/#website\"},\"datePublished\":\"2024-04-23T18:41:25+00:00\",\"dateModified\":\"2024-04-23T18:52:40+00:00\",\"breadcrumb\":{\"@id\":\"https:\/\/kivaku.eu\/uus\/kupsised\/#breadcrumb\"},\"inLanguage\":\"en\",\"potentialAction\":[{\"@type\":\"ReadAction\",\"target\":[\"https:\/\/kivaku.eu\/uus\/kupsised\/\"]}]},{\"@type\":\"BreadcrumbList\",\"@id\":\"https:\/\/kivaku.eu\/uus\/kupsised\/#breadcrumb\",\"itemListElement\":[{\"@type\":\"ListItem\",\"position\":1,\"name\":\"Home\",\"item\":\"https:\/\/kivaku.eu\/uus\/\"},{\"@type\":\"ListItem\",\"position\":2,\"name\":\"K\u00fcpsised\"}]},{\"@type\":\"WebSite\",\"@id\":\"https:\/\/kivaku.eu\/uus\/#website\",\"url\":\"https:\/\/kivaku.eu\/uus\/\",\"name\":\"Kivaku O&Uuml;\",\"description\":\"T&ouml;&ouml;stuslikud ja kodused l&auml;bip&auml;&auml;sus&uuml;steemid\",\"potentialAction\":[{\"@type\":\"SearchAction\",\"target\":{\"@type\":\"EntryPoint\",\"urlTemplate\":\"https:\/\/kivaku.eu\/uus\/?s={search_term_string}\"},\"query-input\":\"required name=search_term_string\"}],\"inLanguage\":\"en\"}]}<\/script>\n<!-- \/ Yoast SEO plugin. -->","yoast_head_json":{"title":"K\u00fcpsised - Kivaku O&Uuml;","robots":{"index":"index","follow":"follow","max-snippet":"max-snippet:-1","max-image-preview":"max-image-preview:large","max-video-preview":"max-video-preview:-1"},"canonical":"https:\/\/kivaku.eu\/uus\/kupsised\/","og_locale":"en_US","og_type":"article","og_title":"K\u00fcpsised - Kivaku O&Uuml;","og_description":"K\u00fcpsised Selle veebisaidi korrektseks t\u00f6\u00f6tamiseks, kasutamise anal\u00fc\u00fcsimiseks ning k\u00fclastajatele parima kasutusmugavuse pakkumiseks paigutame Teie seadme (arvuti, nutiseade vms) brauseri(te)sse nn k\u00fcpsised (ingl cookie). Mis on k\u00fcpsis? K\u00fcpsis on v\u00e4ike tekstifail, mis salvestatakse veebisaidi k\u00fclastamisel Teie seadme (arvuti, nutiseade vms) brauserisse. Igal Teie j\u00e4rgneval veebisaidi k\u00fclastusel saadetakse k\u00fcpsised tagasi sellele veebisaidile v\u00f5i m\u00f5nele teisele veebisaidile, mis [&hellip;]","og_url":"https:\/\/kivaku.eu\/uus\/kupsised\/","og_site_name":"Kivaku O&Uuml;","article_modified_time":"2024-04-23T18:52:40+00:00","twitter_card":"summary_large_image","twitter_misc":{"Est. reading time":"3 minutes"},"schema":{"@context":"https:\/\/schema.org","@graph":[{"@type":"WebPage","@id":"https:\/\/kivaku.eu\/uus\/kupsised\/","url":"https:\/\/kivaku.eu\/uus\/kupsised\/","name":"K\u00fcpsised - Kivaku O&Uuml;","isPartOf":{"@id":"https:\/\/kivaku.eu\/uus\/#website"},"datePublished":"2024-04-23T18:41:25+00:00","dateModified":"2024-04-23T18:52:40+00:00","breadcrumb":{"@id":"https:\/\/kivaku.eu\/uus\/kupsised\/#breadcrumb"},"inLanguage":"en","potentialAction":[{"@type":"ReadAction","target":["https:\/\/kivaku.eu\/uus\/kupsised\/"]}]},{"@type":"BreadcrumbList","@id":"https:\/\/kivaku.eu\/uus\/kupsised\/#breadcrumb","itemListElement":[{"@type":"ListItem","position":1,"name":"Home","item":"https:\/\/kivaku.eu\/uus\/"},{"@type":"ListItem","position":2,"name":"K\u00fcpsised"}]},{"@type":"WebSite","@id":"https:\/\/kivaku.eu\/uus\/#website","url":"https:\/\/kivaku.eu\/uus\/","name":"Kivaku O&Uuml;","description":"T&ouml;&ouml;stuslikud ja kodused l&auml;bip&auml;&auml;sus&uuml;steemid","potentialAction":[{"@type":"SearchAction","target":{"@type":"EntryPoint","urlTemplate":"https:\/\/kivaku.eu\/uus\/?s={search_term_string}"},"query-input":"required name=search_term_string"}],"inLanguage":"en"}]}},"_links":{"self":[{"href":"https:\/\/kivaku.eu\/uus\/wp-json\/wp\/v2\/pages\/4586","targetHints":{"allow":["GET"]}}],"collection":[{"href":"https:\/\/kivaku.eu\/uus\/wp-json\/wp\/v2\/pages"}],"about":[{"href":"https:\/\/kivaku.eu\/uus\/wp-json\/wp\/v2\/types\/page"}],"author":[{"embeddable":true,"href":"https:\/\/kivaku.eu\/uus\/wp-json\/wp\/v2\/users\/2"}],"replies":[{"embeddable":true,"href":"https:\/\/kivaku.eu\/uus\/wp-json\/wp\/v2\/comments?post=4586"}],"version-history":[{"count":4,"href":"https:\/\/kivaku.eu\/uus\/wp-json\/wp\/v2\/pages\/4586\/revisions"}],"predecessor-version":[{"id":4590,"href":"https:\/\/kivaku.eu\/uus\/wp-json\/wp\/v2\/pages\/4586\/revisions\/4590"}],"wp:attachment":[{"href":"https:\/\/kivaku.eu\/uus\/wp-json\/wp\/v2\/media?parent=4586"}],"curies":[{"name":"wp","href":"https:\/\/api.w.org\/{rel}","templated":true}]}}